{"id":566,"date":"2023-01-26T16:56:58","date_gmt":"2023-01-26T15:56:58","guid":{"rendered":"https:\/\/www.hungarofarm.hu\/fooldal\/"},"modified":"2023-03-09T15:20:49","modified_gmt":"2023-03-09T14:20:49","slug":"fooldal","status":"publish","type":"page","link":"https:\/\/www.hungarofarm.hu\/de\/","title":{"rendered":"Hauptseite"},"content":{"rendered":"<p>[et_pb_section fb_built=&#8220;1&#8243; custom_padding_last_edited=&#8220;on|tablet&#8220; next_background_color=&#8220;#ffffff&#8220; admin_label=&#8220;Header&#8220; _builder_version=&#8220;4.19.5&#8243; background_color=&#8220;#fcfaf7&#8243; background_image=&#8220;https:\/\/www.hungarofarm.hu\/wp-content\/uploads\/2023\/01\/banner-top-min.png&#8220; background_size=&#8220;initial&#8220; background_position=&#8220;top_center&#8220; custom_padding=&#8220;||10vw|||&#8220; custom_padding_tablet=&#8220;||0vw|&#8220; custom_padding_phone=&#8220;&#8220; bottom_divider_style=&#8220;wave&#8220; bottom_divider_height=&#8220;80%&#8220; bottom_divider_repeat=&#8220;0.6x&#8220; bottom_divider_flip=&#8220;vertical|horizontal&#8220; global_colors_info=&#8220;{}&#8220;][et_pb_row column_structure=&#8220;1_2,1_2&#8243; _builder_version=&#8220;4.19.5&#8243; custom_margin=&#8220;60px||||false|false&#8220; custom_margin_tablet=&#8220;||&#8220; custom_margin_phone=&#8220;0px|||&#8220; custom_margin_last_edited=&#8220;on|desktop&#8220; global_colors_info=&#8220;{}&#8220;][et_pb_column type=&#8220;1_2&#8243; _builder_version=&#8220;4.16&#8243; custom_padding=&#8220;|||&#8220; global_colors_info=&#8220;{}&#8220; custom_padding__hover=&#8220;|||&#8220;][et_pb_text _builder_version=&#8220;4.19.5&#8243; header_font=&#8220;|600|||||||&#8220; header_text_color=&#8220;#002855&#8243; header_line_height=&#8220;1.4em&#8220; custom_margin=&#8220;||10px||false|false&#8220; header_font_size_tablet=&#8220;40px&#8220; header_font_size_phone=&#8220;34px&#8220; header_font_size_last_edited=&#8220;off|tablet&#8220; header_letter_spacing_tablet=&#8220;0px&#8220; header_letter_spacing_phone=&#8220;0px&#8220; header_letter_spacing_last_edited=&#8220;off|tablet&#8220; global_colors_info=&#8220;{}&#8220;]<\/p>\n<h3>Firmenank\u00fcndigung<\/h3>\n<p>[\/et_pb_text][et_pb_text _builder_version=&#8220;4.19.5&#8243; text_font=&#8220;||||||||&#8220; transform_scale_tablet=&#8220;&#8220; transform_scale_phone=&#8220;&#8220; transform_scale_last_edited=&#8220;on|desktop&#8220; transform_translate_tablet=&#8220;&#8220; transform_translate_phone=&#8220;&#8220; transform_translate_last_edited=&#8220;on|desktop&#8220; transform_rotate_tablet=&#8220;&#8220; transform_rotate_phone=&#8220;&#8220; transform_rotate_last_edited=&#8220;on|desktop&#8220; transform_skew_tablet=&#8220;&#8220; transform_skew_phone=&#8220;&#8220; transform_skew_last_edited=&#8220;on|desktop&#8220; transform_origin_tablet=&#8220;&#8220; transform_origin_phone=&#8220;&#8220; transform_origin_last_edited=&#8220;on|desktop&#8220; transform_styles_last_edited=&#8220;on|desktop&#8220; text_font_size_tablet=&#8220;16px&#8220; text_font_size_phone=&#8220;14px&#8220; text_font_size_last_edited=&#8220;off|desktop&#8220; text_letter_spacing_phone=&#8220;0px&#8220; text_letter_spacing_last_edited=&#8220;off|desktop&#8220; transform_styles_tablet=&#8220;&#8220; transform_styles_phone=&#8220;&#8220; global_colors_info=&#8220;{}&#8220;]<\/p>\n<p class=\"subtitle\">HUNGARO-FARM GmbH wurde von drei ungarischen Personen gegr\u00fcndet, unsere Hauptt\u00e4tigkeit ist Produktion, Verarbeitung und Gro\u00dfh\u00e4ndlervermarktung von verschiedenen Saatsamen, und weiteren hochqualitativen Samen (Senf, \u00d6lrettich, Phazelien, verschiedene Kleearten: Luzerne Rotklee, Inkarnatklee, gelber Lein, schalenlose K\u00fcrbiskerne, Vogelfutter, usw.)<\/p>\n<p class=\"subtitle\">Der Sitz der Firma ist in Budapest, dr. Beata Masa ist Gesch\u00e4ftsf\u00fchrerin der Firma.<\/p>\n<p class=\"subtitle\">Die Produktion der Samen wird durch integrierten Produzenten realisiert. Das Saatgut und die Technologie werden von uns \u00fcbergeben, die Produktion wird von uns kontinuierlich kontrolliert und dokumentiert.<\/p>\n<p class=\"subtitle\">Die Rohware wird sofort nach der Ernte in unserer Saatgutanlage in Seregelyes (Mittelungarn) empfangen und behandelt. Die Einlagerung, Reinigung, Verpackung der Ware werden w\u00e4hrend des ganzen Jahres hier besorgt.<\/p>\n<p class=\"subtitle\">Unsere Arbeitnehmer, die bei uns seit langem arbeiten, haben gro\u00dfe Erfahrungen im Bereich der Saatgutverarbeitung, sowohl mit Maschinen, als auch im Labor.<\/p>\n<p class=\"subtitle\">Unsere K\u00e4ufer sind europ\u00e4ische Gro\u00dfh\u00e4ndler, z. B. Hahn und Karl Saatenhandel GmbH, KWS, OMEGA-PHARMA, Bergland Pharma GmbH in Deutschland, Saatbau Linz in \u00d6sterreich<\/p>\n<p class=\"subtitle\">Der Grund unserer Gesch\u00e4ftsphilosophie steht auf den korrekten und langfristigen Beziehungen sowohl mit den K\u00e4ufern, als auch mit den Lieferanten.<\/p>\n<p class=\"subtitle\">Wir hoffen, dass Sie sich bald f\u00fcr weitere Informationen an uns melden.<\/p>\n<p>[\/et_pb_text][et_pb_button button_url=&#8220;@ET-DC@eyJkeW5hbWljIjp0cnVlLCJjb250ZW50IjoicG9zdF9saW5rX3VybF9wYWdlIiwic2V0dGluZ3MiOnsicG9zdF9pZCI6IjM5In19@&#8220; button_text=&#8220;Kontakt&#8220; _builder_version=&#8220;4.19.5&#8243; _dynamic_attributes=&#8220;button_url&#8220; custom_button=&#8220;on&#8220; button_text_color=&#8220;#ffffff&#8220; button_bg_use_color_gradient=&#8220;on&#8220; button_bg_color_gradient_direction=&#8220;-60deg&#8220; button_bg_color_gradient_stops=&#8220;#7acc46 0%|#7ab055 100%&#8220; button_bg_color_gradient_start=&#8220;#57ac5a&#8220; button_bg_color_gradient_end=&#8220;#7db667&#8243; button_border_width=&#8220;0px&#8220; button_border_radius=&#8220;6px&#8220; button_font=&#8220;|700|||||||&#8220; custom_margin=&#8220;50px||&#8220; custom_padding=&#8220;10px|40px|10px|40px|true|true&#8220; hover_enabled=&#8220;0&#8243; box_shadow_style=&#8220;preset1&#8243; box_shadow_vertical=&#8220;20px&#8220; box_shadow_blur=&#8220;40px&#8220; box_shadow_color=&#8220;rgba(125,182,103,0.4)&#8220; global_colors_info=&#8220;{}&#8220; sticky_enabled=&#8220;0&#8243;][\/et_pb_button][\/et_pb_column][et_pb_column type=&#8220;1_2&#8243; _builder_version=&#8220;4.16&#8243; custom_padding=&#8220;|||&#8220; global_colors_info=&#8220;{}&#8220; custom_padding__hover=&#8220;|||&#8220;][et_pb_image src=&#8220;https:\/\/www.hungarofarm.hu\/wp-content\/uploads\/2023\/01\/banner-2.png&#8220; title_text=&#8220;banner-2&#8243; align=&#8220;right&#8220; _builder_version=&#8220;4.19.5&#8243; transform_scale=&#8220;120%|120%&#8220; transform_scale_tablet=&#8220;100%|100%&#8220; transform_scale_phone=&#8220;&#8220; transform_scale_last_edited=&#8220;on|tablet&#8220; transform_translate_tablet=&#8220;&#8220; transform_translate_phone=&#8220;&#8220; transform_translate_last_edited=&#8220;on|desktop&#8220; transform_rotate_tablet=&#8220;&#8220; transform_rotate_phone=&#8220;&#8220; transform_rotate_last_edited=&#8220;on|desktop&#8220; transform_skew_tablet=&#8220;&#8220; transform_skew_phone=&#8220;&#8220; transform_skew_last_edited=&#8220;on|desktop&#8220; transform_origin_tablet=&#8220;&#8220; transform_origin_phone=&#8220;&#8220; transform_origin_last_edited=&#8220;on|desktop&#8220; transform_styles_last_edited=&#8220;on|tablet&#8220; width_tablet=&#8220;60%&#8220; width_phone=&#8220;&#8220; width_last_edited=&#8220;on|phone&#8220; custom_margin=&#8220;|||&#8220; transform_styles_tablet=&#8220;&#8220; transform_styles_phone=&#8220;&#8220; always_center_on_mobile=&#8220;off&#8220; global_colors_info=&#8220;{}&#8220;][\/et_pb_image][\/et_pb_column][\/et_pb_row][\/et_pb_section]<\/p>\n","protected":false},"excerpt":{"rendered":"<p>Firmenank\u00fcndigungHUNGARO-FARM GmbH wurde von drei ungarischen Personen gegr\u00fcndet, unsere Hauptt\u00e4tigkeit ist Produktion, Verarbeitung und Gro\u00dfh\u00e4ndlervermarktung von verschiedenen Saatsamen, und weiteren hochqualitativen Samen (Senf, \u00d6lrettich, Phazelien, verschiedene Kleearten: Luzerne Rotklee, Inkarnatklee, gelber Lein, schalenlose K\u00fcrbiskerne, Vogelfutter, usw.) Der Sitz der Firma ist in Budapest, dr. Beata Masa ist Gesch\u00e4ftsf\u00fchrerin der Firma. Die Produktion der Samen wird [&hellip;]<\/p>\n","protected":false},"author":1,"featured_media":0,"parent":0,"menu_order":0,"comment_status":"closed","ping_status":"closed","template":"","meta":{"_et_pb_use_builder":"on","_et_pb_old_content":"","_et_gb_content_width":"","footnotes":""},"class_list":["post-566","page","type-page","status-publish","hentry"],"yoast_head":"<!-- This site is optimized with the Yoast SEO plugin v27.5 - https:\/\/yoast.com\/product\/yoast-seo-wordpress\/ -->\n<title>Hauptseite - hungarofarm.hu<\/title>\n<meta name=\"robots\" content=\"index, follow, max-snippet:-1, max-image-preview:large, max-video-preview:-1\" \/>\n<link rel=\"canonical\" href=\"https:\/\/www.hungarofarm.hu\/de\/\" \/>\n<meta property=\"og:locale\" content=\"de_DE\" \/>\n<meta property=\"og:type\" content=\"article\" \/>\n<meta property=\"og:title\" content=\"Hauptseite - hungarofarm.hu\" \/>\n<meta property=\"og:description\" content=\"Firmenank\u00fcndigungHUNGARO-FARM GmbH wurde von drei ungarischen Personen gegr\u00fcndet, unsere Hauptt\u00e4tigkeit ist Produktion, Verarbeitung und Gro\u00dfh\u00e4ndlervermarktung von verschiedenen Saatsamen, und weiteren hochqualitativen Samen (Senf, \u00d6lrettich, Phazelien, verschiedene Kleearten: Luzerne Rotklee, Inkarnatklee, gelber Lein, schalenlose K\u00fcrbiskerne, Vogelfutter, usw.) Der Sitz der Firma ist in Budapest, dr. Beata Masa ist Gesch\u00e4ftsf\u00fchrerin der Firma. Die Produktion der Samen wird [&hellip;]\" \/>\n<meta property=\"og:url\" content=\"https:\/\/www.hungarofarm.hu\/de\/\" \/>\n<meta property=\"og:site_name\" content=\"hungarofarm.hu\" \/>\n<meta property=\"article:modified_time\" content=\"2023-03-09T14:20:49+00:00\" \/>\n<meta name=\"twitter:card\" content=\"summary_large_image\" \/>\n<meta name=\"twitter:label1\" content=\"Gesch\u00e4tzte Lesezeit\" \/>\n\t<meta name=\"twitter:data1\" content=\"4\u00a0Minuten\" \/>\n<script type=\"application\/ld+json\" class=\"yoast-schema-graph\">{\"@context\":\"https:\\\/\\\/schema.org\",\"@graph\":[{\"@type\":\"WebPage\",\"@id\":\"https:\\\/\\\/www.hungarofarm.hu\\\/de\\\/\",\"url\":\"https:\\\/\\\/www.hungarofarm.hu\\\/de\\\/\",\"name\":\"Hauptseite - hungarofarm.hu\",\"isPartOf\":{\"@id\":\"https:\\\/\\\/www.hungarofarm.hu\\\/#website\"},\"datePublished\":\"2023-01-26T15:56:58+00:00\",\"dateModified\":\"2023-03-09T14:20:49+00:00\",\"breadcrumb\":{\"@id\":\"https:\\\/\\\/www.hungarofarm.hu\\\/de\\\/#breadcrumb\"},\"inLanguage\":\"de\",\"potentialAction\":[{\"@type\":\"ReadAction\",\"target\":[\"https:\\\/\\\/www.hungarofarm.hu\\\/de\\\/\"]}]},{\"@type\":\"BreadcrumbList\",\"@id\":\"https:\\\/\\\/www.hungarofarm.hu\\\/de\\\/#breadcrumb\",\"itemListElement\":[{\"@type\":\"ListItem\",\"position\":1,\"name\":\"Kezd\u0151lap\",\"item\":\"https:\\\/\\\/www.hungarofarm.hu\\\/de\\\/\"},{\"@type\":\"ListItem\",\"position\":2,\"name\":\"Hauptseite\"}]},{\"@type\":\"WebSite\",\"@id\":\"https:\\\/\\\/www.hungarofarm.hu\\\/#website\",\"url\":\"https:\\\/\\\/www.hungarofarm.hu\\\/\",\"name\":\"hungarofarm.hu\",\"description\":\"\",\"publisher\":{\"@id\":\"https:\\\/\\\/www.hungarofarm.hu\\\/#organization\"},\"potentialAction\":[{\"@type\":\"SearchAction\",\"target\":{\"@type\":\"EntryPoint\",\"urlTemplate\":\"https:\\\/\\\/www.hungarofarm.hu\\\/?s={search_term_string}\"},\"query-input\":{\"@type\":\"PropertyValueSpecification\",\"valueRequired\":true,\"valueName\":\"search_term_string\"}}],\"inLanguage\":\"de\"},{\"@type\":\"Organization\",\"@id\":\"https:\\\/\\\/www.hungarofarm.hu\\\/#organization\",\"name\":\"hungarofarm.hu\",\"url\":\"https:\\\/\\\/www.hungarofarm.hu\\\/\",\"logo\":{\"@type\":\"ImageObject\",\"inLanguage\":\"de\",\"@id\":\"https:\\\/\\\/www.hungarofarm.hu\\\/#\\\/schema\\\/logo\\\/image\\\/\",\"url\":\"https:\\\/\\\/www.hungarofarm.hu\\\/wp-content\\\/uploads\\\/2023\\\/01\\\/unnamed.jpg\",\"contentUrl\":\"https:\\\/\\\/www.hungarofarm.hu\\\/wp-content\\\/uploads\\\/2023\\\/01\\\/unnamed.jpg\",\"width\":118,\"height\":89,\"caption\":\"hungarofarm.hu\"},\"image\":{\"@id\":\"https:\\\/\\\/www.hungarofarm.hu\\\/#\\\/schema\\\/logo\\\/image\\\/\"}}]}<\/script>\n<!-- \/ Yoast SEO plugin. -->","yoast_head_json":{"title":"Hauptseite - hungarofarm.hu","robots":{"index":"index","follow":"follow","max-snippet":"max-snippet:-1","max-image-preview":"max-image-preview:large","max-video-preview":"max-video-preview:-1"},"canonical":"https:\/\/www.hungarofarm.hu\/de\/","og_locale":"de_DE","og_type":"article","og_title":"Hauptseite - hungarofarm.hu","og_description":"Firmenank\u00fcndigungHUNGARO-FARM GmbH wurde von drei ungarischen Personen gegr\u00fcndet, unsere Hauptt\u00e4tigkeit ist Produktion, Verarbeitung und Gro\u00dfh\u00e4ndlervermarktung von verschiedenen Saatsamen, und weiteren hochqualitativen Samen (Senf, \u00d6lrettich, Phazelien, verschiedene Kleearten: Luzerne Rotklee, Inkarnatklee, gelber Lein, schalenlose K\u00fcrbiskerne, Vogelfutter, usw.) Der Sitz der Firma ist in Budapest, dr. Beata Masa ist Gesch\u00e4ftsf\u00fchrerin der Firma. Die Produktion der Samen wird [&hellip;]","og_url":"https:\/\/www.hungarofarm.hu\/de\/","og_site_name":"hungarofarm.hu","article_modified_time":"2023-03-09T14:20:49+00:00","twitter_card":"summary_large_image","twitter_misc":{"Gesch\u00e4tzte Lesezeit":"4\u00a0Minuten"},"schema":{"@context":"https:\/\/schema.org","@graph":[{"@type":"WebPage","@id":"https:\/\/www.hungarofarm.hu\/de\/","url":"https:\/\/www.hungarofarm.hu\/de\/","name":"Hauptseite - hungarofarm.hu","isPartOf":{"@id":"https:\/\/www.hungarofarm.hu\/#website"},"datePublished":"2023-01-26T15:56:58+00:00","dateModified":"2023-03-09T14:20:49+00:00","breadcrumb":{"@id":"https:\/\/www.hungarofarm.hu\/de\/#breadcrumb"},"inLanguage":"de","potentialAction":[{"@type":"ReadAction","target":["https:\/\/www.hungarofarm.hu\/de\/"]}]},{"@type":"BreadcrumbList","@id":"https:\/\/www.hungarofarm.hu\/de\/#breadcrumb","itemListElement":[{"@type":"ListItem","position":1,"name":"Kezd\u0151lap","item":"https:\/\/www.hungarofarm.hu\/de\/"},{"@type":"ListItem","position":2,"name":"Hauptseite"}]},{"@type":"WebSite","@id":"https:\/\/www.hungarofarm.hu\/#website","url":"https:\/\/www.hungarofarm.hu\/","name":"hungarofarm.hu","description":"","publisher":{"@id":"https:\/\/www.hungarofarm.hu\/#organization"},"potentialAction":[{"@type":"SearchAction","target":{"@type":"EntryPoint","urlTemplate":"https:\/\/www.hungarofarm.hu\/?s={search_term_string}"},"query-input":{"@type":"PropertyValueSpecification","valueRequired":true,"valueName":"search_term_string"}}],"inLanguage":"de"},{"@type":"Organization","@id":"https:\/\/www.hungarofarm.hu\/#organization","name":"hungarofarm.hu","url":"https:\/\/www.hungarofarm.hu\/","logo":{"@type":"ImageObject","inLanguage":"de","@id":"https:\/\/www.hungarofarm.hu\/#\/schema\/logo\/image\/","url":"https:\/\/www.hungarofarm.hu\/wp-content\/uploads\/2023\/01\/unnamed.jpg","contentUrl":"https:\/\/www.hungarofarm.hu\/wp-content\/uploads\/2023\/01\/unnamed.jpg","width":118,"height":89,"caption":"hungarofarm.hu"},"image":{"@id":"https:\/\/www.hungarofarm.hu\/#\/schema\/logo\/image\/"}}]}},"_links":{"self":[{"href":"https:\/\/www.hungarofarm.hu\/de\/wp-json\/wp\/v2\/pages\/566","targetHints":{"allow":["GET"]}}],"collection":[{"href":"https:\/\/www.hungarofarm.hu\/de\/wp-json\/wp\/v2\/pages"}],"about":[{"href":"https:\/\/www.hungarofarm.hu\/de\/wp-json\/wp\/v2\/types\/page"}],"author":[{"embeddable":true,"href":"https:\/\/www.hungarofarm.hu\/de\/wp-json\/wp\/v2\/users\/1"}],"replies":[{"embeddable":true,"href":"https:\/\/www.hungarofarm.hu\/de\/wp-json\/wp\/v2\/comments?post=566"}],"version-history":[{"count":4,"href":"https:\/\/www.hungarofarm.hu\/de\/wp-json\/wp\/v2\/pages\/566\/revisions"}],"predecessor-version":[{"id":573,"href":"https:\/\/www.hungarofarm.hu\/de\/wp-json\/wp\/v2\/pages\/566\/revisions\/573"}],"wp:attachment":[{"href":"https:\/\/www.hungarofarm.hu\/de\/wp-json\/wp\/v2\/media?parent=566"}],"curies":[{"name":"wp","href":"https:\/\/api.w.org\/{rel}","templated":true}]}}