{"id":574,"date":"2023-01-26T17:04:41","date_gmt":"2023-01-26T16:04:41","guid":{"rendered":"https:\/\/www.hungarofarm.hu\/elerhetoseg\/"},"modified":"2023-03-09T15:26:24","modified_gmt":"2023-03-09T14:26:24","slug":"kontakt-deutschland","status":"publish","type":"page","link":"https:\/\/www.hungarofarm.hu\/de\/kontakt-deutschland\/","title":{"rendered":"Kontakt"},"content":{"rendered":"<p>[et_pb_section fb_built=&#8220;1&#8243; custom_padding_last_edited=&#8220;on|tablet&#8220; next_background_color=&#8220;#ffffff&#8220; admin_label=&#8220;Header&#8220; _builder_version=&#8220;4.19.5&#8243; background_color=&#8220;#fcfaf7&#8243; background_image=&#8220;https:\/\/www.hungarofarm.hu\/wp-content\/uploads\/2023\/01\/banner-top-min.png&#8220; background_size=&#8220;initial&#8220; background_position=&#8220;top_center&#8220; custom_padding=&#8220;||10vw|||&#8220; custom_padding_tablet=&#8220;||0vw|&#8220; custom_padding_phone=&#8220;&#8220; bottom_divider_style=&#8220;wave&#8220; bottom_divider_height=&#8220;80%&#8220; bottom_divider_repeat=&#8220;0.6x&#8220; bottom_divider_flip=&#8220;vertical|horizontal&#8220; global_colors_info=&#8220;{}&#8220;][et_pb_row _builder_version=&#8220;4.19.5&#8243; custom_margin=&#8220;60px||||false|false&#8220; custom_margin_tablet=&#8220;||&#8220; custom_margin_phone=&#8220;0px|||&#8220; custom_margin_last_edited=&#8220;on|desktop&#8220; global_colors_info=&#8220;{}&#8220;][et_pb_column type=&#8220;4_4&#8243; _builder_version=&#8220;4.16&#8243; custom_padding=&#8220;|||&#8220; global_colors_info=&#8220;{}&#8220; custom_padding__hover=&#8220;|||&#8220;][et_pb_text _builder_version=&#8220;4.19.5&#8243; header_font=&#8220;|600|||||||&#8220; header_text_color=&#8220;#002855&#8243; header_line_height=&#8220;1.4em&#8220; custom_margin=&#8220;||10px||false|false&#8220; hover_enabled=&#8220;0&#8243; header_font_size_tablet=&#8220;40px&#8220; header_font_size_phone=&#8220;34px&#8220; header_font_size_last_edited=&#8220;off|tablet&#8220; header_letter_spacing_tablet=&#8220;0px&#8220; header_letter_spacing_phone=&#8220;0px&#8220; header_letter_spacing_last_edited=&#8220;off|tablet&#8220; global_colors_info=&#8220;{}&#8220; sticky_enabled=&#8220;0&#8243;]<\/p>\n<h1>Kontakt:<\/h1>\n<p>[\/et_pb_text][\/et_pb_column][\/et_pb_row][et_pb_row _builder_version=&#8220;4.19.5&#8243; _module_preset=&#8220;default&#8220; custom_margin=&#8220;||||false|false&#8220; custom_padding=&#8220;0px||||false|false&#8220; global_colors_info=&#8220;{}&#8220;][et_pb_column type=&#8220;4_4&#8243; _builder_version=&#8220;4.19.5&#8243; _module_preset=&#8220;default&#8220; global_colors_info=&#8220;{}&#8220;][et_pb_code _builder_version=&#8220;4.19.5&#8243; _module_preset=&#8220;default&#8220; global_colors_info=&#8220;{}&#8220;]<iframe src=\"https:\/\/www.google.com\/maps\/embed?pb=!1m14!1m8!1m3!1d5380.219664082582!2d19.049316!3d47.604554!3m2!1i1024!2i768!4f13.1!3m3!1m2!1s0x4769fe0878d46c5b%3A0xa7d46797307740d4!2sHungaro-Farm%20Kft.!5e0!3m2!1shu!2sus!4v1676476062211!5m2!1shu!2sus\" width=\"400\" height=\"300\" style=\"border:0; width: 100%;\" allowfullscreen=\"\" loading=\"lazy\" referrerpolicy=\"no-referrer-when-downgrade\"><\/iframe>[\/et_pb_code][et_pb_blurb title=&#8220;Zentrale: 1038 Budapest, \u00c9den Str. 14.&#8220; use_icon=&#8220;on&#8220; font_icon=&#8220;&#xf3c5;||fa||900&#8243; icon_placement=&#8220;left&#8220; image_icon_width=&#8220;24px&#8220; content_max_width=&#8220;100%&#8220; _builder_version=&#8220;4.19.5&#8243; _module_preset=&#8220;default&#8220; header_font=&#8220;|600|||||||&#8220; header_text_color=&#8220;#222222&#8243; header_line_height=&#8220;1.4em&#8220; custom_margin=&#8220;||5px||false|false&#8220; hover_enabled=&#8220;0&#8243; global_colors_info=&#8220;{}&#8220; sticky_enabled=&#8220;0&#8243;][\/et_pb_blurb][et_pb_blurb title=&#8220;Tel: +36 1 388 93 55&#8243; url=&#8220;tel:+3613889355&#8243; use_icon=&#8220;on&#8220; font_icon=&#8220;&#xe090;||divi||400&#8243; icon_placement=&#8220;left&#8220; image_icon_width=&#8220;24px&#8220; content_max_width=&#8220;100%&#8220; _builder_version=&#8220;4.19.5&#8243; _module_preset=&#8220;default&#8220; header_font=&#8220;|600|||||||&#8220; header_text_color=&#8220;#222222&#8243; header_line_height=&#8220;1.4em&#8220; custom_margin=&#8220;||5px||false|false&#8220; hover_enabled=&#8220;0&#8243; global_colors_info=&#8220;{}&#8220; sticky_enabled=&#8220;0&#8243;][\/et_pb_blurb][et_pb_blurb title=&#8220;Fax: +36 1 388 93 68&#8243; url=&#8220;tel:+3613889355&#8243; use_icon=&#8220;on&#8220; font_icon=&#8220;&#xf1ac;||fa||900&#8243; icon_placement=&#8220;left&#8220; image_icon_width=&#8220;24px&#8220; content_max_width=&#8220;100%&#8220; _builder_version=&#8220;4.19.5&#8243; _module_preset=&#8220;default&#8220; header_font=&#8220;|600|||||||&#8220; header_text_color=&#8220;#222222&#8243; header_line_height=&#8220;1.4em&#8220; custom_margin=&#8220;||5px||false|false&#8220; hover_enabled=&#8220;0&#8243; global_colors_info=&#8220;{}&#8220; sticky_enabled=&#8220;0&#8243;][\/et_pb_blurb][et_pb_blurb title=&#8220;Dr. Be\u00e1ta Masa Gesch\u00e4ftsf\u00fchrerin&#8220; use_icon=&#8220;on&#8220; font_icon=&#8220;&#xf406;||fa||900&#8243; icon_placement=&#8220;left&#8220; image_icon_width=&#8220;24px&#8220; content_max_width=&#8220;100%&#8220; admin_label=&#8220;Dr. Masa Be\u00e1ta \u00fcgyvezet\u0151&#8220; _builder_version=&#8220;4.19.5&#8243; _module_preset=&#8220;default&#8220; header_font=&#8220;|600|||||||&#8220; header_text_color=&#8220;#222222&#8243; header_line_height=&#8220;1.4em&#8220; custom_margin=&#8220;||5px||false|false&#8220; hover_enabled=&#8220;0&#8243; global_colors_info=&#8220;{}&#8220; sticky_enabled=&#8220;0&#8243;][\/et_pb_blurb][et_pb_blurb title=&#8220;Handy: +36 20 444 83 84&#8243; url=&#8220;tel:+36204448384&#8243; use_icon=&#8220;on&#8220; font_icon=&#8220;&#xe090;||divi||400&#8243; icon_placement=&#8220;left&#8220; image_icon_width=&#8220;24px&#8220; content_max_width=&#8220;100%&#8220; _builder_version=&#8220;4.19.5&#8243; _module_preset=&#8220;default&#8220; header_font=&#8220;|600|||||||&#8220; header_text_color=&#8220;#222222&#8243; header_line_height=&#8220;1.4em&#8220; custom_margin=&#8220;||5px||false|false&#8220; hover_enabled=&#8220;0&#8243; global_colors_info=&#8220;{}&#8220; sticky_enabled=&#8220;0&#8243;][\/et_pb_blurb][et_pb_blurb title=&#8220;masa.beata@hungarofarm.hu&#8220; url=&#8220;mailto:masa.beata@hungarofarm.hu&#8220; use_icon=&#8220;on&#8220; font_icon=&#8220;&#xe076;||divi||400&#8243; icon_placement=&#8220;left&#8220; image_icon_width=&#8220;24px&#8220; content_max_width=&#8220;100%&#8220; font_icon_last_edited=&#8220;off|desktop&#8220; _builder_version=&#8220;4.19.5&#8243; _module_preset=&#8220;default&#8220; header_font=&#8220;|600|||||||&#8220; header_text_color=&#8220;#222222&#8243; header_line_height=&#8220;1.4em&#8220; custom_margin=&#8220;||5px||false|false&#8220; hover_enabled=&#8220;0&#8243; global_colors_info=&#8220;{}&#8220; sticky_enabled=&#8220;0&#8243;][\/et_pb_blurb][et_pb_blurb title=&#8220;Ren\u00e1ta Masa B\u00fcroleiterin&#8220; use_icon=&#8220;on&#8220; font_icon=&#8220;&#xf406;||fa||900&#8243; icon_placement=&#8220;left&#8220; image_icon_width=&#8220;24px&#8220; content_max_width=&#8220;100%&#8220; admin_label=&#8220;Masa Ren\u00e1ta irodavezet\u0151 &#8220; _builder_version=&#8220;4.19.5&#8243; _module_preset=&#8220;default&#8220; header_font=&#8220;|600|||||||&#8220; header_text_color=&#8220;#222222&#8243; header_line_height=&#8220;1.4em&#8220; custom_margin=&#8220;||5px||false|false&#8220; hover_enabled=&#8220;0&#8243; global_colors_info=&#8220;{}&#8220; sticky_enabled=&#8220;0&#8243;][\/et_pb_blurb][et_pb_blurb title=&#8220;+36 20 429 25 88&#8243; url=&#8220;tel:+36204292588&#8243; use_icon=&#8220;on&#8220; font_icon=&#8220;&#xe090;||divi||400&#8243; icon_placement=&#8220;left&#8220; image_icon_width=&#8220;24px&#8220; content_max_width=&#8220;100%&#8220; admin_label=&#8220;+36 20 429 25 88&#8243; _builder_version=&#8220;4.19.5&#8243; _module_preset=&#8220;default&#8220; header_font=&#8220;|600|||||||&#8220; header_text_color=&#8220;#222222&#8243; header_line_height=&#8220;1.4em&#8220; custom_margin=&#8220;||5px||false|false&#8220; hover_enabled=&#8220;0&#8243; global_colors_info=&#8220;{}&#8220; sticky_enabled=&#8220;0&#8243;][\/et_pb_blurb][et_pb_blurb title=&#8220;masa.renata@hungarofarm.hu&#8220; url=&#8220;mailto:masa.renata@hungarofarm.hu&#8220; use_icon=&#8220;on&#8220; font_icon=&#8220;&#xe076;||divi||400&#8243; icon_placement=&#8220;left&#8220; image_icon_width=&#8220;24px&#8220; content_max_width=&#8220;100%&#8220; font_icon_last_edited=&#8220;off|desktop&#8220; admin_label=&#8220;masa.renata@hungarofarm.hu&#8220; _builder_version=&#8220;4.19.5&#8243; _module_preset=&#8220;default&#8220; header_font=&#8220;|600|||||||&#8220; header_text_color=&#8220;#222222&#8243; header_line_height=&#8220;1.4em&#8220; custom_margin=&#8220;||5px||false|false&#8220; hover_enabled=&#8220;0&#8243; global_colors_info=&#8220;{}&#8220; sticky_enabled=&#8220;0&#8243;][\/et_pb_blurb][\/et_pb_column][\/et_pb_row][et_pb_row _builder_version=&#8220;4.19.5&#8243; _module_preset=&#8220;default&#8220; custom_margin=&#8220;||||false|false&#8220; custom_padding=&#8220;||||false|false&#8220; global_colors_info=&#8220;{}&#8220;][et_pb_column type=&#8220;4_4&#8243; _builder_version=&#8220;4.19.5&#8243; _module_preset=&#8220;default&#8220; global_colors_info=&#8220;{}&#8220;][et_pb_code _builder_version=&#8220;4.19.5&#8243; _module_preset=&#8220;default&#8220; global_colors_info=&#8220;{}&#8220;]<iframe src=\"https:\/\/www.google.com\/maps\/embed?pb=!1m14!1m8!1m3!1d10861.780179862166!2d18.597865!3d47.10994900000001!3m2!1i1024!2i768!4f13.1!3m3!1m2!1s0x4769fe0878d46c5b%3A0xa7d46797307740d4!2sHungaro-Farm%20Kft.!5e0!3m2!1shu!2sus!4v1676476627293!5m2!1shu!2sus\" width=\"400\" height=\"300\" style=\"border:0; width: 100%;\" allowfullscreen=\"\" loading=\"lazy\" referrerpolicy=\"no-referrer-when-downgrade\"><\/iframe>[\/et_pb_code][et_pb_blurb title=&#8220;Betrieb: 8111 Sereg\u00e9lyes, Duna\u00fajv\u00e1rosi Road&#8220; use_icon=&#8220;on&#8220; font_icon=&#8220;&#xf3c5;||fa||900&#8243; icon_placement=&#8220;left&#8220; image_icon_width=&#8220;24px&#8220; content_max_width=&#8220;100%&#8220; _builder_version=&#8220;4.19.5&#8243; _module_preset=&#8220;default&#8220; header_font=&#8220;|600|||||||&#8220; header_text_color=&#8220;#222222&#8243; header_line_height=&#8220;1.4em&#8220; custom_margin=&#8220;||5px||false|false&#8220; hover_enabled=&#8220;0&#8243; global_colors_info=&#8220;{}&#8220; sticky_enabled=&#8220;0&#8243;][\/et_pb_blurb][et_pb_blurb title=&#8220;Tel: +36 22 449 684&#8243; url=&#8220;tel:+3622449684&#8243; use_icon=&#8220;on&#8220; font_icon=&#8220;&#xe090;||divi||400&#8243; icon_placement=&#8220;left&#8220; image_icon_width=&#8220;24px&#8220; content_max_width=&#8220;100%&#8220; _builder_version=&#8220;4.19.5&#8243; _module_preset=&#8220;default&#8220; header_font=&#8220;|600|||||||&#8220; header_text_color=&#8220;#222222&#8243; header_line_height=&#8220;1.4em&#8220; custom_margin=&#8220;||5px||false|false&#8220; hover_enabled=&#8220;0&#8243; global_colors_info=&#8220;{}&#8220; sticky_enabled=&#8220;0&#8243;][\/et_pb_blurb][et_pb_blurb title=&#8220;Fax: +36 22 449 684&#8243; url=&#8220;tel:+3622449684&#8243; use_icon=&#8220;on&#8220; font_icon=&#8220;&#xf1ac;||fa||900&#8243; icon_placement=&#8220;left&#8220; image_icon_width=&#8220;24px&#8220; content_max_width=&#8220;100%&#8220; _builder_version=&#8220;4.19.5&#8243; _module_preset=&#8220;default&#8220; header_font=&#8220;|600|||||||&#8220; header_text_color=&#8220;#222222&#8243; header_line_height=&#8220;1.4em&#8220; custom_margin=&#8220;||5px||false|false&#8220; hover_enabled=&#8220;0&#8243; global_colors_info=&#8220;{}&#8220; sticky_enabled=&#8220;0&#8243;][\/et_pb_blurb][et_pb_blurb title=&#8220;Beata Hajnovics Produktionsf\u00fchrerin&#8220; use_icon=&#8220;on&#8220; font_icon=&#8220;&#xf406;||fa||900&#8243; icon_placement=&#8220;left&#8220; image_icon_width=&#8220;24px&#8220; content_max_width=&#8220;100%&#8220; admin_label=&#8220;Hajnovics Be\u00e1ta termeltet\u00e9si vezet\u0151&#8220; _builder_version=&#8220;4.19.5&#8243; _module_preset=&#8220;default&#8220; header_font=&#8220;|600|||||||&#8220; header_text_color=&#8220;#222222&#8243; header_line_height=&#8220;1.4em&#8220; custom_margin=&#8220;||5px||false|false&#8220; hover_enabled=&#8220;0&#8243; global_colors_info=&#8220;{}&#8220; sticky_enabled=&#8220;0&#8243;][\/et_pb_blurb][et_pb_blurb title=&#8220;Handy: +36 20 417 4016&#8243; url=&#8220;tel:+36204174016&#8243; use_icon=&#8220;on&#8220; font_icon=&#8220;&#xe090;||divi||400&#8243; icon_placement=&#8220;left&#8220; image_icon_width=&#8220;24px&#8220; content_max_width=&#8220;100%&#8220; _builder_version=&#8220;4.19.5&#8243; _module_preset=&#8220;default&#8220; header_font=&#8220;|600|||||||&#8220; header_text_color=&#8220;#222222&#8243; header_line_height=&#8220;1.4em&#8220; custom_margin=&#8220;||5px||false|false&#8220; hover_enabled=&#8220;0&#8243; global_colors_info=&#8220;{}&#8220; sticky_enabled=&#8220;0&#8243;][\/et_pb_blurb][et_pb_blurb title=&#8220;hajnovics.beata@hungarofarm.hu&#8220; url=&#8220;mailto:hajnovics.beata@hungarofarm.hu&#8220; use_icon=&#8220;on&#8220; font_icon=&#8220;&#xe076;||divi||400&#8243; icon_placement=&#8220;left&#8220; image_icon_width=&#8220;24px&#8220; content_max_width=&#8220;100%&#8220; font_icon_last_edited=&#8220;off|desktop&#8220; _builder_version=&#8220;4.19.5&#8243; _module_preset=&#8220;default&#8220; header_font=&#8220;|600|||||||&#8220; header_text_color=&#8220;#222222&#8243; header_line_height=&#8220;1.4em&#8220; custom_margin=&#8220;||5px||false|false&#8220; hover_enabled=&#8220;0&#8243; global_colors_info=&#8220;{}&#8220; sticky_enabled=&#8220;0&#8243;][\/et_pb_blurb][et_pb_blurb title=&#8220;Judit Beimli Laborarbeiterin&#8220; use_icon=&#8220;on&#8220; font_icon=&#8220;&#xf406;||fa||900&#8243; icon_placement=&#8220;left&#8220; image_icon_width=&#8220;24px&#8220; content_max_width=&#8220;100%&#8220; admin_label=&#8220;Beimli Judit labor\u00e1ns&#8220; _builder_version=&#8220;4.19.5&#8243; _module_preset=&#8220;default&#8220; header_font=&#8220;|600|||||||&#8220; header_text_color=&#8220;#222222&#8243; header_line_height=&#8220;1.4em&#8220; custom_margin=&#8220;||5px||false|false&#8220; hover_enabled=&#8220;0&#8243; global_colors_info=&#8220;{}&#8220; sticky_enabled=&#8220;0&#8243;][\/et_pb_blurb][et_pb_blurb title=&#8220;T\u00edmea Jenein\u00e9 Cs\u00fcr\u00f6k Laborarbeiterin&#8220; use_icon=&#8220;on&#8220; font_icon=&#8220;&#xf406;||fa||900&#8243; icon_placement=&#8220;left&#8220; image_icon_width=&#8220;24px&#8220; content_max_width=&#8220;100%&#8220; admin_label=&#8220;Jenein\u00e9 Cs\u00fcr\u00f6k T\u00edmea labor\u00e1ns&#8220; _builder_version=&#8220;4.19.5&#8243; _module_preset=&#8220;default&#8220; header_font=&#8220;|600|||||||&#8220; header_text_color=&#8220;#222222&#8243; header_line_height=&#8220;1.4em&#8220; custom_margin=&#8220;||5px||false|false&#8220; hover_enabled=&#8220;0&#8243; global_colors_info=&#8220;{}&#8220; sticky_enabled=&#8220;0&#8243;][\/et_pb_blurb][et_pb_blurb title=&#8220;Tel: +36 22 449 684&#8243; url=&#8220;tel:+3622449684&#8243; use_icon=&#8220;on&#8220; font_icon=&#8220;&#xe090;||divi||400&#8243; icon_placement=&#8220;left&#8220; image_icon_width=&#8220;24px&#8220; content_max_width=&#8220;100%&#8220; admin_label=&#8220;+36 22 449 684&#8243; _builder_version=&#8220;4.19.5&#8243; _module_preset=&#8220;default&#8220; header_font=&#8220;|600|||||||&#8220; header_text_color=&#8220;#222222&#8243; header_line_height=&#8220;1.4em&#8220; custom_margin=&#8220;||5px||false|false&#8220; hover_enabled=&#8220;0&#8243; global_colors_info=&#8220;{}&#8220; sticky_enabled=&#8220;0&#8243;][\/et_pb_blurb][\/et_pb_column][\/et_pb_row][\/et_pb_section]<\/p>\n","protected":false},"excerpt":{"rendered":"<p>Kontakt:<\/p>\n","protected":false},"author":1,"featured_media":0,"parent":0,"menu_order":0,"comment_status":"closed","ping_status":"closed","template":"","meta":{"_et_pb_use_builder":"on","_et_pb_old_content":"","_et_gb_content_width":"","footnotes":""},"class_list":["post-574","page","type-page","status-publish","hentry"],"yoast_head":"<!-- This site is optimized with the Yoast SEO plugin v27.5 - https:\/\/yoast.com\/product\/yoast-seo-wordpress\/ -->\n<title>Kontakt - hungarofarm.hu<\/title>\n<meta name=\"robots\" content=\"index, follow, max-snippet:-1, max-image-preview:large, max-video-preview:-1\" \/>\n<link rel=\"canonical\" href=\"https:\/\/www.hungarofarm.hu\/de\/kontakt-deutschland\/\" \/>\n<meta property=\"og:locale\" content=\"de_DE\" \/>\n<meta property=\"og:type\" content=\"article\" \/>\n<meta property=\"og:title\" content=\"Kontakt - hungarofarm.hu\" \/>\n<meta property=\"og:description\" content=\"Kontakt:\" \/>\n<meta property=\"og:url\" content=\"https:\/\/www.hungarofarm.hu\/de\/kontakt-deutschland\/\" \/>\n<meta property=\"og:site_name\" content=\"hungarofarm.hu\" \/>\n<meta property=\"article:modified_time\" content=\"2023-03-09T14:26:24+00:00\" \/>\n<meta name=\"twitter:card\" content=\"summary_large_image\" \/>\n<meta name=\"twitter:label1\" content=\"Gesch\u00e4tzte Lesezeit\" \/>\n\t<meta name=\"twitter:data1\" content=\"7\u00a0Minuten\" \/>\n<script type=\"application\/ld+json\" class=\"yoast-schema-graph\">{\"@context\":\"https:\\\/\\\/schema.org\",\"@graph\":[{\"@type\":\"WebPage\",\"@id\":\"https:\\\/\\\/www.hungarofarm.hu\\\/de\\\/kontakt-deutschland\\\/\",\"url\":\"https:\\\/\\\/www.hungarofarm.hu\\\/de\\\/kontakt-deutschland\\\/\",\"name\":\"Kontakt - hungarofarm.hu\",\"isPartOf\":{\"@id\":\"https:\\\/\\\/www.hungarofarm.hu\\\/#website\"},\"datePublished\":\"2023-01-26T16:04:41+00:00\",\"dateModified\":\"2023-03-09T14:26:24+00:00\",\"breadcrumb\":{\"@id\":\"https:\\\/\\\/www.hungarofarm.hu\\\/de\\\/kontakt-deutschland\\\/#breadcrumb\"},\"inLanguage\":\"de\",\"potentialAction\":[{\"@type\":\"ReadAction\",\"target\":[\"https:\\\/\\\/www.hungarofarm.hu\\\/de\\\/kontakt-deutschland\\\/\"]}]},{\"@type\":\"BreadcrumbList\",\"@id\":\"https:\\\/\\\/www.hungarofarm.hu\\\/de\\\/kontakt-deutschland\\\/#breadcrumb\",\"itemListElement\":[{\"@type\":\"ListItem\",\"position\":1,\"name\":\"Kezd\u0151lap\",\"item\":\"https:\\\/\\\/www.hungarofarm.hu\\\/de\\\/\"},{\"@type\":\"ListItem\",\"position\":2,\"name\":\"Kontakt\"}]},{\"@type\":\"WebSite\",\"@id\":\"https:\\\/\\\/www.hungarofarm.hu\\\/#website\",\"url\":\"https:\\\/\\\/www.hungarofarm.hu\\\/\",\"name\":\"hungarofarm.hu\",\"description\":\"\",\"publisher\":{\"@id\":\"https:\\\/\\\/www.hungarofarm.hu\\\/#organization\"},\"potentialAction\":[{\"@type\":\"SearchAction\",\"target\":{\"@type\":\"EntryPoint\",\"urlTemplate\":\"https:\\\/\\\/www.hungarofarm.hu\\\/?s={search_term_string}\"},\"query-input\":{\"@type\":\"PropertyValueSpecification\",\"valueRequired\":true,\"valueName\":\"search_term_string\"}}],\"inLanguage\":\"de\"},{\"@type\":\"Organization\",\"@id\":\"https:\\\/\\\/www.hungarofarm.hu\\\/#organization\",\"name\":\"hungarofarm.hu\",\"url\":\"https:\\\/\\\/www.hungarofarm.hu\\\/\",\"logo\":{\"@type\":\"ImageObject\",\"inLanguage\":\"de\",\"@id\":\"https:\\\/\\\/www.hungarofarm.hu\\\/#\\\/schema\\\/logo\\\/image\\\/\",\"url\":\"https:\\\/\\\/www.hungarofarm.hu\\\/wp-content\\\/uploads\\\/2023\\\/01\\\/unnamed.jpg\",\"contentUrl\":\"https:\\\/\\\/www.hungarofarm.hu\\\/wp-content\\\/uploads\\\/2023\\\/01\\\/unnamed.jpg\",\"width\":118,\"height\":89,\"caption\":\"hungarofarm.hu\"},\"image\":{\"@id\":\"https:\\\/\\\/www.hungarofarm.hu\\\/#\\\/schema\\\/logo\\\/image\\\/\"}}]}<\/script>\n<!-- \/ Yoast SEO plugin. -->","yoast_head_json":{"title":"Kontakt - hungarofarm.hu","robots":{"index":"index","follow":"follow","max-snippet":"max-snippet:-1","max-image-preview":"max-image-preview:large","max-video-preview":"max-video-preview:-1"},"canonical":"https:\/\/www.hungarofarm.hu\/de\/kontakt-deutschland\/","og_locale":"de_DE","og_type":"article","og_title":"Kontakt - hungarofarm.hu","og_description":"Kontakt:","og_url":"https:\/\/www.hungarofarm.hu\/de\/kontakt-deutschland\/","og_site_name":"hungarofarm.hu","article_modified_time":"2023-03-09T14:26:24+00:00","twitter_card":"summary_large_image","twitter_misc":{"Gesch\u00e4tzte Lesezeit":"7\u00a0Minuten"},"schema":{"@context":"https:\/\/schema.org","@graph":[{"@type":"WebPage","@id":"https:\/\/www.hungarofarm.hu\/de\/kontakt-deutschland\/","url":"https:\/\/www.hungarofarm.hu\/de\/kontakt-deutschland\/","name":"Kontakt - hungarofarm.hu","isPartOf":{"@id":"https:\/\/www.hungarofarm.hu\/#website"},"datePublished":"2023-01-26T16:04:41+00:00","dateModified":"2023-03-09T14:26:24+00:00","breadcrumb":{"@id":"https:\/\/www.hungarofarm.hu\/de\/kontakt-deutschland\/#breadcrumb"},"inLanguage":"de","potentialAction":[{"@type":"ReadAction","target":["https:\/\/www.hungarofarm.hu\/de\/kontakt-deutschland\/"]}]},{"@type":"BreadcrumbList","@id":"https:\/\/www.hungarofarm.hu\/de\/kontakt-deutschland\/#breadcrumb","itemListElement":[{"@type":"ListItem","position":1,"name":"Kezd\u0151lap","item":"https:\/\/www.hungarofarm.hu\/de\/"},{"@type":"ListItem","position":2,"name":"Kontakt"}]},{"@type":"WebSite","@id":"https:\/\/www.hungarofarm.hu\/#website","url":"https:\/\/www.hungarofarm.hu\/","name":"hungarofarm.hu","description":"","publisher":{"@id":"https:\/\/www.hungarofarm.hu\/#organization"},"potentialAction":[{"@type":"SearchAction","target":{"@type":"EntryPoint","urlTemplate":"https:\/\/www.hungarofarm.hu\/?s={search_term_string}"},"query-input":{"@type":"PropertyValueSpecification","valueRequired":true,"valueName":"search_term_string"}}],"inLanguage":"de"},{"@type":"Organization","@id":"https:\/\/www.hungarofarm.hu\/#organization","name":"hungarofarm.hu","url":"https:\/\/www.hungarofarm.hu\/","logo":{"@type":"ImageObject","inLanguage":"de","@id":"https:\/\/www.hungarofarm.hu\/#\/schema\/logo\/image\/","url":"https:\/\/www.hungarofarm.hu\/wp-content\/uploads\/2023\/01\/unnamed.jpg","contentUrl":"https:\/\/www.hungarofarm.hu\/wp-content\/uploads\/2023\/01\/unnamed.jpg","width":118,"height":89,"caption":"hungarofarm.hu"},"image":{"@id":"https:\/\/www.hungarofarm.hu\/#\/schema\/logo\/image\/"}}]}},"_links":{"self":[{"href":"https:\/\/www.hungarofarm.hu\/de\/wp-json\/wp\/v2\/pages\/574","targetHints":{"allow":["GET"]}}],"collection":[{"href":"https:\/\/www.hungarofarm.hu\/de\/wp-json\/wp\/v2\/pages"}],"about":[{"href":"https:\/\/www.hungarofarm.hu\/de\/wp-json\/wp\/v2\/types\/page"}],"author":[{"embeddable":true,"href":"https:\/\/www.hungarofarm.hu\/de\/wp-json\/wp\/v2\/users\/1"}],"replies":[{"embeddable":true,"href":"https:\/\/www.hungarofarm.hu\/de\/wp-json\/wp\/v2\/comments?post=574"}],"version-history":[{"count":3,"href":"https:\/\/www.hungarofarm.hu\/de\/wp-json\/wp\/v2\/pages\/574\/revisions"}],"predecessor-version":[{"id":578,"href":"https:\/\/www.hungarofarm.hu\/de\/wp-json\/wp\/v2\/pages\/574\/revisions\/578"}],"wp:attachment":[{"href":"https:\/\/www.hungarofarm.hu\/de\/wp-json\/wp\/v2\/media?parent=574"}],"curies":[{"name":"wp","href":"https:\/\/api.w.org\/{rel}","templated":true}]}}