{"id":540,"date":"2023-01-26T17:04:41","date_gmt":"2023-01-26T16:04:41","guid":{"rendered":"https:\/\/www.hungarofarm.hu\/elerhetoseg\/"},"modified":"2023-03-09T15:47:14","modified_gmt":"2023-03-09T14:47:14","slug":"contact-english","status":"publish","type":"page","link":"https:\/\/www.hungarofarm.hu\/en\/contact-english\/","title":{"rendered":"Contact"},"content":{"rendered":"<p>[et_pb_section fb_built=&#8221;1&#8243; custom_padding_last_edited=&#8221;on|tablet&#8221; next_background_color=&#8221;#ffffff&#8221; admin_label=&#8221;Header&#8221; _builder_version=&#8221;4.19.5&#8243; background_color=&#8221;#fcfaf7&#8243; background_image=&#8221;https:\/\/www.hungarofarm.hu\/wp-content\/uploads\/2023\/01\/banner-top-min.png&#8221; background_size=&#8221;initial&#8221; background_position=&#8221;top_center&#8221; custom_padding=&#8221;||10vw|||&#8221; custom_padding_tablet=&#8221;||0vw|&#8221; custom_padding_phone=&#8221;&#8221; bottom_divider_style=&#8221;wave&#8221; bottom_divider_height=&#8221;80%&#8221; bottom_divider_repeat=&#8221;0.6x&#8221; bottom_divider_flip=&#8221;vertical|horizontal&#8221; global_colors_info=&#8221;{}&#8221;][et_pb_row _builder_version=&#8221;4.19.5&#8243; custom_margin=&#8221;60px||||false|false&#8221; custom_margin_tablet=&#8221;||&#8221; custom_margin_phone=&#8221;0px|||&#8221; custom_margin_last_edited=&#8221;on|desktop&#8221; global_colors_info=&#8221;{}&#8221;][et_pb_column type=&#8221;4_4&#8243; _builder_version=&#8221;4.16&#8243; custom_padding=&#8221;|||&#8221; global_colors_info=&#8221;{}&#8221; custom_padding__hover=&#8221;|||&#8221;][et_pb_text _builder_version=&#8221;4.19.5&#8243; header_font=&#8221;|600|||||||&#8221; header_text_color=&#8221;#002855&#8243; header_line_height=&#8221;1.4em&#8221; custom_margin=&#8221;||10px||false|false&#8221; header_font_size_tablet=&#8221;40px&#8221; header_font_size_phone=&#8221;34px&#8221; header_font_size_last_edited=&#8221;off|tablet&#8221; header_letter_spacing_tablet=&#8221;0px&#8221; header_letter_spacing_phone=&#8221;0px&#8221; header_letter_spacing_last_edited=&#8221;off|tablet&#8221; global_colors_info=&#8221;{}&#8221;]<\/p>\n<h1>Contact:<\/h1>\n<p>[\/et_pb_text][\/et_pb_column][\/et_pb_row][et_pb_row _builder_version=&#8221;4.19.5&#8243; _module_preset=&#8221;default&#8221; custom_margin=&#8221;||||false|false&#8221; custom_padding=&#8221;0px||||false|false&#8221; global_colors_info=&#8221;{}&#8221;][et_pb_column type=&#8221;4_4&#8243; _builder_version=&#8221;4.19.5&#8243; _module_preset=&#8221;default&#8221; global_colors_info=&#8221;{}&#8221;][et_pb_code _builder_version=&#8221;4.19.5&#8243; _module_preset=&#8221;default&#8221; global_colors_info=&#8221;{}&#8221;]<iframe src=\"https:\/\/www.google.com\/maps\/embed?pb=!1m14!1m8!1m3!1d5380.219664082582!2d19.049316!3d47.604554!3m2!1i1024!2i768!4f13.1!3m3!1m2!1s0x4769fe0878d46c5b%3A0xa7d46797307740d4!2sHungaro-Farm%20Kft.!5e0!3m2!1shu!2sus!4v1676476062211!5m2!1shu!2sus\" width=\"400\" height=\"300\" style=\"border:0; width: 100%;\" allowfullscreen=\"\" loading=\"lazy\" referrerpolicy=\"no-referrer-when-downgrade\"><\/iframe>[\/et_pb_code][et_pb_blurb title=&#8221;Seat: 1038 Budapest, \u00c9den Str. 14.&#8221; use_icon=&#8221;on&#8221; font_icon=&#8221;&#xf3c5;||fa||900&#8243; icon_placement=&#8221;left&#8221; image_icon_width=&#8221;24px&#8221; content_max_width=&#8221;100%&#8221; _builder_version=&#8221;4.19.5&#8243; _module_preset=&#8221;default&#8221; header_font=&#8221;|600|||||||&#8221; header_text_color=&#8221;#222222&#8243; header_line_height=&#8221;1.4em&#8221; custom_margin=&#8221;||5px||false|false&#8221; global_colors_info=&#8221;{}&#8221;][\/et_pb_blurb][et_pb_blurb title=&#8221;Phone: +36 1 388 93 55&#8243; url=&#8221;tel:+3613889355&#8243; use_icon=&#8221;on&#8221; font_icon=&#8221;&#xe090;||divi||400&#8243; icon_placement=&#8221;left&#8221; image_icon_width=&#8221;24px&#8221; content_max_width=&#8221;100%&#8221; _builder_version=&#8221;4.19.5&#8243; _module_preset=&#8221;default&#8221; header_font=&#8221;|600|||||||&#8221; header_text_color=&#8221;#222222&#8243; header_line_height=&#8221;1.4em&#8221; custom_margin=&#8221;||5px||false|false&#8221; global_colors_info=&#8221;{}&#8221;][\/et_pb_blurb][et_pb_blurb title=&#8221;Fax: +36 1 388 93 68&#8243; url=&#8221;tel:3613889368&#8243; use_icon=&#8221;on&#8221; font_icon=&#8221;&#xf1ac;||fa||900&#8243; icon_placement=&#8221;left&#8221; image_icon_width=&#8221;24px&#8221; content_max_width=&#8221;100%&#8221; _builder_version=&#8221;4.19.5&#8243; _module_preset=&#8221;default&#8221; header_font=&#8221;|600|||||||&#8221; header_text_color=&#8221;#222222&#8243; header_line_height=&#8221;1.4em&#8221; custom_margin=&#8221;||5px||false|false&#8221; global_colors_info=&#8221;{}&#8221;][\/et_pb_blurb][et_pb_blurb title=&#8221;Dr. Be\u00e1ta Masa managing director&#8221; use_icon=&#8221;on&#8221; font_icon=&#8221;&#xf406;||fa||900&#8243; icon_placement=&#8221;left&#8221; image_icon_width=&#8221;24px&#8221; content_max_width=&#8221;100%&#8221; admin_label=&#8221;Dr. Masa Be\u00e1ta \u00fcgyvezet\u0151&#8221; _builder_version=&#8221;4.19.5&#8243; _module_preset=&#8221;default&#8221; header_font=&#8221;|600|||||||&#8221; header_text_color=&#8221;#222222&#8243; header_line_height=&#8221;1.4em&#8221; custom_margin=&#8221;||5px||false|false&#8221; global_colors_info=&#8221;{}&#8221;][\/et_pb_blurb][et_pb_blurb title=&#8221;Mobile: +36 20 444 83 84&#8243; url=&#8221;tel:+36204448384&#8243; use_icon=&#8221;on&#8221; font_icon=&#8221;&#xe090;||divi||400&#8243; icon_placement=&#8221;left&#8221; image_icon_width=&#8221;24px&#8221; content_max_width=&#8221;100%&#8221; _builder_version=&#8221;4.19.5&#8243; _module_preset=&#8221;default&#8221; header_font=&#8221;|600|||||||&#8221; header_text_color=&#8221;#222222&#8243; header_line_height=&#8221;1.4em&#8221; custom_margin=&#8221;||5px||false|false&#8221; global_colors_info=&#8221;{}&#8221;][\/et_pb_blurb][et_pb_blurb title=&#8221;masa.beata@hungarofarm.hu&#8221; url=&#8221;mailto:masa.beata@hungarofarm.hu&#8221; use_icon=&#8221;on&#8221; font_icon=&#8221;&#xe076;||divi||400&#8243; icon_placement=&#8221;left&#8221; image_icon_width=&#8221;24px&#8221; content_max_width=&#8221;100%&#8221; font_icon_last_edited=&#8221;off|desktop&#8221; _builder_version=&#8221;4.19.5&#8243; _module_preset=&#8221;default&#8221; header_font=&#8221;|600|||||||&#8221; header_text_color=&#8221;#222222&#8243; header_line_height=&#8221;1.4em&#8221; custom_margin=&#8221;||5px||false|false&#8221; global_colors_info=&#8221;{}&#8221;][\/et_pb_blurb][et_pb_blurb title=&#8221;Ren\u00e1ta Masa office manager&#8221; use_icon=&#8221;on&#8221; font_icon=&#8221;&#xf406;||fa||900&#8243; icon_placement=&#8221;left&#8221; image_icon_width=&#8221;24px&#8221; content_max_width=&#8221;100%&#8221; admin_label=&#8221;Masa Ren\u00e1ta irodavezet\u0151 &#8221; _builder_version=&#8221;4.19.5&#8243; _module_preset=&#8221;default&#8221; header_font=&#8221;|600|||||||&#8221; header_text_color=&#8221;#222222&#8243; header_line_height=&#8221;1.4em&#8221; custom_margin=&#8221;||5px||false|false&#8221; global_colors_info=&#8221;{}&#8221;][\/et_pb_blurb][et_pb_blurb title=&#8221;Mobile: +36 20 429 25 88&#8243; url=&#8221;tel:+36204292588&#8243; use_icon=&#8221;on&#8221; font_icon=&#8221;&#xe090;||divi||400&#8243; icon_placement=&#8221;left&#8221; image_icon_width=&#8221;24px&#8221; content_max_width=&#8221;100%&#8221; admin_label=&#8221;+36 20 429 25 88&#8243; _builder_version=&#8221;4.19.5&#8243; _module_preset=&#8221;default&#8221; header_font=&#8221;|600|||||||&#8221; header_text_color=&#8221;#222222&#8243; header_line_height=&#8221;1.4em&#8221; custom_margin=&#8221;||5px||false|false&#8221; global_colors_info=&#8221;{}&#8221;][\/et_pb_blurb][et_pb_blurb title=&#8221;masa.renata@hungarofarm.hu&#8221; url=&#8221;mailto:masa.renata@hungarofarm.hu&#8221; use_icon=&#8221;on&#8221; font_icon=&#8221;&#xe076;||divi||400&#8243; icon_placement=&#8221;left&#8221; image_icon_width=&#8221;24px&#8221; content_max_width=&#8221;100%&#8221; font_icon_last_edited=&#8221;off|desktop&#8221; admin_label=&#8221;masa.renata@hungarofarm.hu&#8221; _builder_version=&#8221;4.19.5&#8243; _module_preset=&#8221;default&#8221; header_font=&#8221;|600|||||||&#8221; header_text_color=&#8221;#222222&#8243; header_line_height=&#8221;1.4em&#8221; custom_margin=&#8221;||5px||false|false&#8221; global_colors_info=&#8221;{}&#8221;][\/et_pb_blurb][\/et_pb_column][\/et_pb_row][et_pb_row _builder_version=&#8221;4.19.5&#8243; _module_preset=&#8221;default&#8221; custom_margin=&#8221;||||false|false&#8221; custom_padding=&#8221;||||false|false&#8221; global_colors_info=&#8221;{}&#8221;][et_pb_column type=&#8221;4_4&#8243; _builder_version=&#8221;4.19.5&#8243; _module_preset=&#8221;default&#8221; global_colors_info=&#8221;{}&#8221;][et_pb_code _builder_version=&#8221;4.19.5&#8243; _module_preset=&#8221;default&#8221; global_colors_info=&#8221;{}&#8221;]<iframe src=\"https:\/\/www.google.com\/maps\/embed?pb=!1m14!1m8!1m3!1d10861.780179862166!2d18.597865!3d47.10994900000001!3m2!1i1024!2i768!4f13.1!3m3!1m2!1s0x4769fe0878d46c5b%3A0xa7d46797307740d4!2sHungaro-Farm%20Kft.!5e0!3m2!1shu!2sus!4v1676476627293!5m2!1shu!2sus\" width=\"400\" height=\"300\" style=\"border:0; width: 100%;\" allowfullscreen=\"\" loading=\"lazy\" referrerpolicy=\"no-referrer-when-downgrade\"><\/iframe>[\/et_pb_code][et_pb_blurb title=&#8221;Seed factory: 8111 Sereg\u00e9lyes, Duna\u00fajv\u00e1rosi Road&#8221; use_icon=&#8221;on&#8221; font_icon=&#8221;&#xf3c5;||fa||900&#8243; icon_placement=&#8221;left&#8221; image_icon_width=&#8221;24px&#8221; content_max_width=&#8221;100%&#8221; _builder_version=&#8221;4.19.5&#8243; _module_preset=&#8221;default&#8221; header_font=&#8221;|600|||||||&#8221; header_text_color=&#8221;#222222&#8243; header_line_height=&#8221;1.4em&#8221; custom_margin=&#8221;||5px||false|false&#8221; global_colors_info=&#8221;{}&#8221;][\/et_pb_blurb][et_pb_blurb title=&#8221;Phone: +36 22 449 684&#8243; url=&#8221;tel:+3622449684&#8243; use_icon=&#8221;on&#8221; font_icon=&#8221;&#xe090;||divi||400&#8243; icon_placement=&#8221;left&#8221; image_icon_width=&#8221;24px&#8221; content_max_width=&#8221;100%&#8221; _builder_version=&#8221;4.19.5&#8243; _module_preset=&#8221;default&#8221; header_font=&#8221;|600|||||||&#8221; header_text_color=&#8221;#222222&#8243; header_line_height=&#8221;1.4em&#8221; custom_margin=&#8221;||5px||false|false&#8221; global_colors_info=&#8221;{}&#8221;][\/et_pb_blurb][et_pb_blurb title=&#8221;Fax:++36 22 449 684&#8243; url=&#8221;tel:+3622449684&#8243; use_icon=&#8221;on&#8221; font_icon=&#8221;&#xf1ac;||fa||900&#8243; icon_placement=&#8221;left&#8221; image_icon_width=&#8221;24px&#8221; content_max_width=&#8221;100%&#8221; _builder_version=&#8221;4.19.5&#8243; _module_preset=&#8221;default&#8221; header_font=&#8221;|600|||||||&#8221; header_text_color=&#8221;#222222&#8243; header_line_height=&#8221;1.4em&#8221; custom_margin=&#8221;||5px||false|false&#8221; global_colors_info=&#8221;{}&#8221;][\/et_pb_blurb][et_pb_blurb title=&#8221;Beata Hajnovics production manager&#8221; use_icon=&#8221;on&#8221; font_icon=&#8221;&#xf406;||fa||900&#8243; icon_placement=&#8221;left&#8221; image_icon_width=&#8221;24px&#8221; content_max_width=&#8221;100%&#8221; admin_label=&#8221;Hajnovics Be\u00e1ta termeltet\u00e9si vezet\u0151&#8221; _builder_version=&#8221;4.19.5&#8243; _module_preset=&#8221;default&#8221; header_font=&#8221;|600|||||||&#8221; header_text_color=&#8221;#222222&#8243; header_line_height=&#8221;1.4em&#8221; custom_margin=&#8221;||5px||false|false&#8221; global_colors_info=&#8221;{}&#8221;][\/et_pb_blurb][et_pb_blurb title=&#8221;Mobile: +36 20 417 4016&#8243; url=&#8221;tel:+36204174016&#8243; use_icon=&#8221;on&#8221; font_icon=&#8221;&#xe090;||divi||400&#8243; icon_placement=&#8221;left&#8221; image_icon_width=&#8221;24px&#8221; content_max_width=&#8221;100%&#8221; _builder_version=&#8221;4.19.5&#8243; _module_preset=&#8221;default&#8221; header_font=&#8221;|600|||||||&#8221; header_text_color=&#8221;#222222&#8243; header_line_height=&#8221;1.4em&#8221; custom_margin=&#8221;||5px||false|false&#8221; global_colors_info=&#8221;{}&#8221;][\/et_pb_blurb][et_pb_blurb title=&#8221;hajnovics.beata@hungarofarm.hu&#8221; url=&#8221;mailto:hajnovics.beata@hungarofarm.hu&#8221; use_icon=&#8221;on&#8221; font_icon=&#8221;&#xe076;||divi||400&#8243; icon_placement=&#8221;left&#8221; image_icon_width=&#8221;24px&#8221; content_max_width=&#8221;100%&#8221; font_icon_last_edited=&#8221;off|desktop&#8221; _builder_version=&#8221;4.19.5&#8243; _module_preset=&#8221;default&#8221; header_font=&#8221;|600|||||||&#8221; header_text_color=&#8221;#222222&#8243; header_line_height=&#8221;1.4em&#8221; custom_margin=&#8221;||5px||false|false&#8221; global_colors_info=&#8221;{}&#8221;][\/et_pb_blurb][et_pb_blurb title=&#8221;Judit Beimli laborant&#8221; use_icon=&#8221;on&#8221; font_icon=&#8221;&#xf406;||fa||900&#8243; icon_placement=&#8221;left&#8221; image_icon_width=&#8221;24px&#8221; content_max_width=&#8221;100%&#8221; admin_label=&#8221;Beimli Judit labor\u00e1ns&#8221; _builder_version=&#8221;4.19.5&#8243; _module_preset=&#8221;default&#8221; header_font=&#8221;|600|||||||&#8221; header_text_color=&#8221;#222222&#8243; header_line_height=&#8221;1.4em&#8221; custom_margin=&#8221;||5px||false|false&#8221; global_colors_info=&#8221;{}&#8221;][\/et_pb_blurb][et_pb_blurb title=&#8221;T\u00edmea Jenein\u00e9 Cs\u00fcr\u00f6k laborant&#8221; use_icon=&#8221;on&#8221; font_icon=&#8221;&#xf406;||fa||900&#8243; icon_placement=&#8221;left&#8221; image_icon_width=&#8221;24px&#8221; content_max_width=&#8221;100%&#8221; admin_label=&#8221;Jenein\u00e9 Cs\u00fcr\u00f6k T\u00edmea labor\u00e1ns&#8221; _builder_version=&#8221;4.19.5&#8243; _module_preset=&#8221;default&#8221; header_font=&#8221;|600|||||||&#8221; header_text_color=&#8221;#222222&#8243; header_line_height=&#8221;1.4em&#8221; custom_margin=&#8221;||5px||false|false&#8221; global_colors_info=&#8221;{}&#8221;][\/et_pb_blurb][et_pb_blurb title=&#8221;Phone: + 36 22 449 684&#8243; url=&#8221;tel:+3622449684&#8243; use_icon=&#8221;on&#8221; font_icon=&#8221;&#xe090;||divi||400&#8243; icon_placement=&#8221;left&#8221; image_icon_width=&#8221;24px&#8221; content_max_width=&#8221;100%&#8221; admin_label=&#8221;+36 22 449 684&#8243; _builder_version=&#8221;4.19.5&#8243; _module_preset=&#8221;default&#8221; header_font=&#8221;|600|||||||&#8221; header_text_color=&#8221;#222222&#8243; header_line_height=&#8221;1.4em&#8221; custom_margin=&#8221;||5px||false|false&#8221; global_colors_info=&#8221;{}&#8221;][\/et_pb_blurb][\/et_pb_column][\/et_pb_row][\/et_pb_section]<\/p>\n","protected":false},"excerpt":{"rendered":"<p>Contact:<\/p>\n","protected":false},"author":1,"featured_media":0,"parent":0,"menu_order":0,"comment_status":"closed","ping_status":"closed","template":"","meta":{"_et_pb_use_builder":"on","_et_pb_old_content":"","_et_gb_content_width":"","footnotes":""},"class_list":["post-540","page","type-page","status-publish","hentry"],"yoast_head":"<!-- This site is optimized with the Yoast SEO plugin v27.5 - https:\/\/yoast.com\/product\/yoast-seo-wordpress\/ -->\n<title>Contact - hungarofarm.hu<\/title>\n<meta name=\"robots\" content=\"index, follow, max-snippet:-1, max-image-preview:large, max-video-preview:-1\" \/>\n<link rel=\"canonical\" href=\"https:\/\/www.hungarofarm.hu\/en\/contact-english\/\" \/>\n<meta property=\"og:locale\" content=\"en_US\" \/>\n<meta property=\"og:type\" content=\"article\" \/>\n<meta property=\"og:title\" content=\"Contact - hungarofarm.hu\" \/>\n<meta property=\"og:description\" content=\"Contact:\" \/>\n<meta property=\"og:url\" content=\"https:\/\/www.hungarofarm.hu\/en\/contact-english\/\" \/>\n<meta property=\"og:site_name\" content=\"hungarofarm.hu\" \/>\n<meta property=\"article:modified_time\" content=\"2023-03-09T14:47:14+00:00\" \/>\n<meta name=\"twitter:card\" content=\"summary_large_image\" \/>\n<meta name=\"twitter:label1\" content=\"Est. reading time\" \/>\n\t<meta name=\"twitter:data1\" content=\"6 minutes\" \/>\n<script type=\"application\/ld+json\" class=\"yoast-schema-graph\">{\"@context\":\"https:\\\/\\\/schema.org\",\"@graph\":[{\"@type\":\"WebPage\",\"@id\":\"https:\\\/\\\/www.hungarofarm.hu\\\/en\\\/contact-english\\\/\",\"url\":\"https:\\\/\\\/www.hungarofarm.hu\\\/en\\\/contact-english\\\/\",\"name\":\"Contact - hungarofarm.hu\",\"isPartOf\":{\"@id\":\"https:\\\/\\\/www.hungarofarm.hu\\\/#website\"},\"datePublished\":\"2023-01-26T16:04:41+00:00\",\"dateModified\":\"2023-03-09T14:47:14+00:00\",\"breadcrumb\":{\"@id\":\"https:\\\/\\\/www.hungarofarm.hu\\\/en\\\/contact-english\\\/#breadcrumb\"},\"inLanguage\":\"en-US\",\"potentialAction\":[{\"@type\":\"ReadAction\",\"target\":[\"https:\\\/\\\/www.hungarofarm.hu\\\/en\\\/contact-english\\\/\"]}]},{\"@type\":\"BreadcrumbList\",\"@id\":\"https:\\\/\\\/www.hungarofarm.hu\\\/en\\\/contact-english\\\/#breadcrumb\",\"itemListElement\":[{\"@type\":\"ListItem\",\"position\":1,\"name\":\"Kezd\u0151lap\",\"item\":\"https:\\\/\\\/www.hungarofarm.hu\\\/en\\\/\"},{\"@type\":\"ListItem\",\"position\":2,\"name\":\"Contact\"}]},{\"@type\":\"WebSite\",\"@id\":\"https:\\\/\\\/www.hungarofarm.hu\\\/#website\",\"url\":\"https:\\\/\\\/www.hungarofarm.hu\\\/\",\"name\":\"hungarofarm.hu\",\"description\":\"\",\"publisher\":{\"@id\":\"https:\\\/\\\/www.hungarofarm.hu\\\/#organization\"},\"potentialAction\":[{\"@type\":\"SearchAction\",\"target\":{\"@type\":\"EntryPoint\",\"urlTemplate\":\"https:\\\/\\\/www.hungarofarm.hu\\\/?s={search_term_string}\"},\"query-input\":{\"@type\":\"PropertyValueSpecification\",\"valueRequired\":true,\"valueName\":\"search_term_string\"}}],\"inLanguage\":\"en-US\"},{\"@type\":\"Organization\",\"@id\":\"https:\\\/\\\/www.hungarofarm.hu\\\/#organization\",\"name\":\"hungarofarm.hu\",\"url\":\"https:\\\/\\\/www.hungarofarm.hu\\\/\",\"logo\":{\"@type\":\"ImageObject\",\"inLanguage\":\"en-US\",\"@id\":\"https:\\\/\\\/www.hungarofarm.hu\\\/#\\\/schema\\\/logo\\\/image\\\/\",\"url\":\"https:\\\/\\\/www.hungarofarm.hu\\\/wp-content\\\/uploads\\\/2023\\\/01\\\/unnamed.jpg\",\"contentUrl\":\"https:\\\/\\\/www.hungarofarm.hu\\\/wp-content\\\/uploads\\\/2023\\\/01\\\/unnamed.jpg\",\"width\":118,\"height\":89,\"caption\":\"hungarofarm.hu\"},\"image\":{\"@id\":\"https:\\\/\\\/www.hungarofarm.hu\\\/#\\\/schema\\\/logo\\\/image\\\/\"}}]}<\/script>\n<!-- \/ Yoast SEO plugin. -->","yoast_head_json":{"title":"Contact - hungarofarm.hu","robots":{"index":"index","follow":"follow","max-snippet":"max-snippet:-1","max-image-preview":"max-image-preview:large","max-video-preview":"max-video-preview:-1"},"canonical":"https:\/\/www.hungarofarm.hu\/en\/contact-english\/","og_locale":"en_US","og_type":"article","og_title":"Contact - hungarofarm.hu","og_description":"Contact:","og_url":"https:\/\/www.hungarofarm.hu\/en\/contact-english\/","og_site_name":"hungarofarm.hu","article_modified_time":"2023-03-09T14:47:14+00:00","twitter_card":"summary_large_image","twitter_misc":{"Est. reading time":"6 minutes"},"schema":{"@context":"https:\/\/schema.org","@graph":[{"@type":"WebPage","@id":"https:\/\/www.hungarofarm.hu\/en\/contact-english\/","url":"https:\/\/www.hungarofarm.hu\/en\/contact-english\/","name":"Contact - hungarofarm.hu","isPartOf":{"@id":"https:\/\/www.hungarofarm.hu\/#website"},"datePublished":"2023-01-26T16:04:41+00:00","dateModified":"2023-03-09T14:47:14+00:00","breadcrumb":{"@id":"https:\/\/www.hungarofarm.hu\/en\/contact-english\/#breadcrumb"},"inLanguage":"en-US","potentialAction":[{"@type":"ReadAction","target":["https:\/\/www.hungarofarm.hu\/en\/contact-english\/"]}]},{"@type":"BreadcrumbList","@id":"https:\/\/www.hungarofarm.hu\/en\/contact-english\/#breadcrumb","itemListElement":[{"@type":"ListItem","position":1,"name":"Kezd\u0151lap","item":"https:\/\/www.hungarofarm.hu\/en\/"},{"@type":"ListItem","position":2,"name":"Contact"}]},{"@type":"WebSite","@id":"https:\/\/www.hungarofarm.hu\/#website","url":"https:\/\/www.hungarofarm.hu\/","name":"hungarofarm.hu","description":"","publisher":{"@id":"https:\/\/www.hungarofarm.hu\/#organization"},"potentialAction":[{"@type":"SearchAction","target":{"@type":"EntryPoint","urlTemplate":"https:\/\/www.hungarofarm.hu\/?s={search_term_string}"},"query-input":{"@type":"PropertyValueSpecification","valueRequired":true,"valueName":"search_term_string"}}],"inLanguage":"en-US"},{"@type":"Organization","@id":"https:\/\/www.hungarofarm.hu\/#organization","name":"hungarofarm.hu","url":"https:\/\/www.hungarofarm.hu\/","logo":{"@type":"ImageObject","inLanguage":"en-US","@id":"https:\/\/www.hungarofarm.hu\/#\/schema\/logo\/image\/","url":"https:\/\/www.hungarofarm.hu\/wp-content\/uploads\/2023\/01\/unnamed.jpg","contentUrl":"https:\/\/www.hungarofarm.hu\/wp-content\/uploads\/2023\/01\/unnamed.jpg","width":118,"height":89,"caption":"hungarofarm.hu"},"image":{"@id":"https:\/\/www.hungarofarm.hu\/#\/schema\/logo\/image\/"}}]}},"_links":{"self":[{"href":"https:\/\/www.hungarofarm.hu\/en\/wp-json\/wp\/v2\/pages\/540","targetHints":{"allow":["GET"]}}],"collection":[{"href":"https:\/\/www.hungarofarm.hu\/en\/wp-json\/wp\/v2\/pages"}],"about":[{"href":"https:\/\/www.hungarofarm.hu\/en\/wp-json\/wp\/v2\/types\/page"}],"author":[{"embeddable":true,"href":"https:\/\/www.hungarofarm.hu\/en\/wp-json\/wp\/v2\/users\/1"}],"replies":[{"embeddable":true,"href":"https:\/\/www.hungarofarm.hu\/en\/wp-json\/wp\/v2\/comments?post=540"}],"version-history":[{"count":6,"href":"https:\/\/www.hungarofarm.hu\/en\/wp-json\/wp\/v2\/pages\/540\/revisions"}],"predecessor-version":[{"id":565,"href":"https:\/\/www.hungarofarm.hu\/en\/wp-json\/wp\/v2\/pages\/540\/revisions\/565"}],"wp:attachment":[{"href":"https:\/\/www.hungarofarm.hu\/en\/wp-json\/wp\/v2\/media?parent=540"}],"curies":[{"name":"wp","href":"https:\/\/api.w.org\/{rel}","templated":true}]}}